{"id":31336,"date":"2024-10-04T15:38:17","date_gmt":"2024-10-04T18:38:17","guid":{"rendered":"https:\/\/b2midia.com.br\/?page_id=31336"},"modified":"2024-10-04T16:03:32","modified_gmt":"2024-10-04T19:03:32","slug":"politica-de-privacidade","status":"publish","type":"page","link":"https:\/\/b2midia.com.br\/en\/politica-de-privacidade\/","title":{"rendered":"Pol\u00edtica de privacidade"},"content":{"rendered":"<h2 class=\"wp-block-heading\">Declara\u00e7\u00e3o de Privacidade<\/h2>\n\n\n\n<p>A B2 M\u00eddia \u00e9 uma empresa focada em tecnologias de TV Corporativa, Digital Signage e App &amp; Intranet, para ambiente corporativo e varejo.<\/p>\n\n\n\n<p>O compromisso com a prote\u00e7\u00e3o e privacidade de seus clientes, fornecedores e usu\u00e1rio \u00e9 prioridade e, diante disso, elaboramos essa pol\u00edtica de privacidade para assegurar a conformidade com todas as disposi\u00e7\u00f5es legais vigentes relacionadas \u00e0 prote\u00e7\u00e3o de dados pessoais, incluindo a Lei Geral de Prote\u00e7\u00e3o de Dados (LGPD).<\/p>\n\n\n\n<p>As disposi\u00e7\u00f5es aqui estabelecidas complementam as cl\u00e1usulas sobre prote\u00e7\u00e3o e tratamento de dados pessoais presentes nos contratos firmados com a B2 M\u00eddia, bem como, as regras publicadas nos Termos e Condi\u00e7\u00f5es do website da empresa.<\/p>\n\n\n\n<h2 class=\"wp-block-heading\">Respons\u00e1vel pelo Tratamento dos Dados<\/h2>\n\n\n\n<p>A B2 M\u00eddia \u00e9 a entidade respons\u00e1vel pelo tratamento dos dados pessoais de seus clientes, potenciais clientes, fornecedores e usu\u00e1rio.<\/p>\n\n\n\n<p>Estamos dispon\u00edveis a qualquer tempo para esclarecer eventuais d\u00favidas. Caso queira obter mais informa\u00e7\u00f5es sobre a coleta, o tratamento, a prote\u00e7\u00e3o dos dados pessoais e os direitos dos titulares desses dados, entre em contato:<\/p>\n\n\n\n<blockquote class=\"wp-block-quote is-layout-flow wp-block-quote-is-layout-flow\">\n<p>A\/C: Respons\u00e1vel pelo Tratamento dos Dados<\/p>\n\n\n\n<p>Endere\u00e7o: Rua Jo\u00e3o Gon\u00e7alves, 484 &#8211; Centro, Guarulhos &#8211; SP, 07010-010<\/p>\n\n\n\n<p>Telefone: (11) 2382-9631 E-mail: <a href=\"mailto:dpo_lgpd@b2midia.com.br\" target=\"_blank\" rel=\"noreferrer noopener\">dpo_lgpd@b2midia.com.br<\/a><\/p>\n<\/blockquote>\n\n\n\n<p><\/p>\n\n\n\n<h2 class=\"wp-block-heading\">Dados Pessoais<\/h2>\n\n\n\n<p>\u00c9 muito importante destacar alguns conceitos que a Lei Geral de Prote\u00e7\u00e3o de Dados (Lei n\u00ba 13.709\/2018) trouxe, no seu art. 5\u00ba, e que s\u00e3o relevantes quando se fala em coleta de dados pessoais.<\/p>\n\n\n\n<ul class=\"wp-block-list\">\n<li>dado pessoal: informa\u00e7\u00e3o relacionada a pessoa natural identificada ou identific\u00e1vel;<\/li>\n\n\n\n<li>dado pessoal sens\u00edvel: dado pessoal sobre origem racial ou \u00e9tnica, convic\u00e7\u00e3o religiosa, opini\u00e3o pol\u00edtica, filia\u00e7\u00e3o a sindicato ou a organiza\u00e7\u00e3o de car\u00e1ter religioso, filos\u00f3fico ou pol\u00edtico, dado referente \u00e0 sa\u00fade ou \u00e0 vida sexual, dado gen\u00e9tico ou biom\u00e9trico, quando vinculado a uma pessoa natural;<\/li>\n\n\n\n<li>dado anonimizado: dado relativo a titular que n\u00e3o possa ser identificado, considerando a utiliza\u00e7\u00e3o de meios t\u00e9cnicos razo\u00e1veis e dispon\u00edveis na ocasi\u00e3o de seu tratamento;<\/li>\n\n\n\n<li>titular: pessoa natural a quem se referem os dados pessoais que s\u00e3o objeto de tratamento;<\/li>\n\n\n\n<li>tratamento: toda opera\u00e7\u00e3o realizada com dados pessoais.<\/li>\n<\/ul>\n\n\n\n<p>No exerc\u00edcio de suas atividades, a B2 M\u00eddia coleta e trata os dados pessoais necess\u00e1rios para a presta\u00e7\u00e3o de servi\u00e7os e fornecimento de produtos, incluindo informa\u00e7\u00f5es como: nome, n\u00famero de celular, endere\u00e7o de e-mail, entre outros. Dependendo do contexto e das atividades desenvolvidas, outros dados adicionais tamb\u00e9m podem ser coletados.<\/p>\n\n\n\n<h2 class=\"wp-block-heading\">Coleta de Dados<\/h2>\n\n\n\n<p>Os dados pessoais s\u00e3o coletados diretamente do titular, sendo obtido o consentimento pr\u00e9vio e fornecidas todas as informa\u00e7\u00f5es legalmente exigidas pela B2 M\u00eddia.<\/p>\n\n\n\n<p>Nos casos em que a coleta \u00e9 necess\u00e1ria para cumprir obriga\u00e7\u00f5es legais ou contratuais, o consentimento poder\u00e1 ser dispensado.<\/p>\n\n\n\n<p>Os dados geralmente s\u00e3o coletados por escrito ou por meio dos websites da B2 M\u00eddia, mediante o consentimento do titular. Alguns dados s\u00e3o obrigat\u00f3rios e, se n\u00e3o forem fornecidos, a B2 M\u00eddia poder\u00e1 n\u00e3o ser capaz de fornecer o produto ou servi\u00e7o requerido. Os titulares ser\u00e3o informados sobre a natureza obrigat\u00f3ria desses dados.<\/p>\n\n\n\n<p>Tamb\u00e9m coletamos dados de registro, que incluem informa\u00e7\u00f5es como: endere\u00e7o IP, tipo de navegador e algumas configura\u00e7\u00f5es, data e hora da solicita\u00e7\u00e3o, uso do servi\u00e7o e dados de cookies (conforme descrito na Pol\u00edtica de Cookies).<\/p>\n\n\n\n<p>Al\u00e9m disso, coletamos informa\u00e7\u00f5es sobre o dispositivo utilizado para acessar nossos servi\u00e7os, incluindo tipo de dispositivo, sistema operacional, configura\u00e7\u00f5es e identificadores exclusivos do dispositivo. A coleta dessas informa\u00e7\u00f5es pode variar conforme o tipo de dispositivo e suas configura\u00e7\u00f5es.<\/p>\n\n\n\n<p>Para mais detalhes, verifique as pol\u00edticas do fabricante do dispositivo ou do fornecedor de software.<\/p>\n\n\n\n<h2 class=\"wp-block-heading\">Finalidades do Tratamento dos Dados Pessoais<\/h2>\n\n\n\n<p>A B2 M\u00eddia realiza o tratamento de dados pessoais apenas para as finalidades para as quais foram coletados, em conformidade com as normas legais aplic\u00e1veis. Ao obter o consentimento dos titulares dos dados, a B2 M\u00eddia comunica as finalidades da coleta e fornece informa\u00e7\u00f5es detalhadas sobre a utiliza\u00e7\u00e3o dos dados. Habitualmente, os dados pessoais s\u00e3o coletados para fins de marketing (envio de newsletters), gest\u00e3o da rela\u00e7\u00e3o contratual, presta\u00e7\u00e3o de servi\u00e7os contratados, adapta\u00e7\u00e3o de ofertas \u00e0s necessidades dos clientes, entre outros fins. A utiliza\u00e7\u00e3o dos dados pessoais baseia-se em diferentes fundamentos jur\u00eddicos, conforme estabelecido na LGPD.<\/p>\n\n\n\n<h2 class=\"wp-block-heading\">Utiliza\u00e7\u00e3o do Website<\/h2>\n\n\n\n<p>Os usu\u00e1rios do website da B2 M\u00eddia podem navegar sem a necessidade de fornecer informa\u00e7\u00f5es pessoais. No entanto, em determinadas situa\u00e7\u00f5es, poder\u00e1 ser solicitado algum dado pessoal, como no caso de solicita\u00e7\u00e3o de demonstra\u00e7\u00e3o. Ao disponibilizar seus dados \u00e0 B2 M\u00eddia, os usu\u00e1rios consentem que estes sejam tratados de acordo com esta Pol\u00edtica de Privacidade.<\/p>\n\n\n\n<p>Todos os dados pessoais coletados s\u00e3o processados eletronicamente e em conformidade com a legisla\u00e7\u00e3o de prote\u00e7\u00e3o de dados pessoais, sendo armazenados em bancos de dados espec\u00edficos criados para esse fim.<\/p>\n\n\n\n<h2 class=\"wp-block-heading\">Compartilhamento de Dados<\/h2>\n\n\n\n<p>Quem tem acesso aos dados pessoais coletados s\u00e3o os colaboradores da B2 M\u00eddia que necessitem deles para cumprir as dilig\u00eancias ou obriga\u00e7\u00f5es pr\u00e9-contratuais, contratuais ou legais. Referidos dados poder\u00e3o ser compartilhados com subcontratados para a realiza\u00e7\u00e3o de determinadas finalidades, como hospedagem e gest\u00e3o de sistemas informatizados, garantindo-se sempre o cumprimento das normas de seguran\u00e7a e privacidade.<\/p>\n\n\n\n<h2 class=\"wp-block-heading\">Tempo de Armazenamento dos Dados Pessoais<\/h2>\n\n\n\n<p>O per\u00edodo de conserva\u00e7\u00e3o dos dados varia conforme a finalidade para a qual a informa\u00e7\u00e3o \u00e9 tratada. Ap\u00f3s o t\u00e9rmino do per\u00edodo necess\u00e1rio para as finalidades de coleta e tratamento, os dados ser\u00e3o eliminados, conforme exigido pela legisla\u00e7\u00e3o aplic\u00e1vel.<\/p>\n\n\n\n<p>A LGPD estabelece situa\u00e7\u00f5es em que os dados poder\u00e3o ser conservados, quais sejam:<\/p>\n\n\n\n<p>&#8211; cumprimento de obriga\u00e7\u00e3o legal;<\/p>\n\n\n\n<p>&#8211; estudo por \u00f3rg\u00e3o de pesquisa (garantida a anonimiza\u00e7\u00e3o dos dados);<\/p>\n\n\n\n<p>&#8211; transfer\u00eancia a terceiro;<\/p>\n\n\n\n<p>&#8211; uso exclusivo do controlador (dados anonimizados e vedado acesso por terceiro).<\/p>\n\n\n\n<h2 class=\"wp-block-heading\">Direitos dos Titulares dos Dados Pessoais<\/h2>\n\n\n\n<p>Conforme estabelecido pela lei, os titulares dos dados t\u00eam direito a uma s\u00e9rie de prerrogativas, incluindo o direito de acesso, retifica\u00e7\u00e3o, limita\u00e7\u00e3o ou oposi\u00e7\u00e3o, portabilidade, esquecimento, oposi\u00e7\u00e3o a decis\u00f5es automatizadas e defini\u00e7\u00f5es de perfis.<\/p>\n\n\n\n<p>A B2 M\u00eddia garante aos titulares dos dados legitimamente coletados o exerc\u00edcio desses direitos, para isso, disponibilizamos o seguinte e-mail: suporte@b2midia.com.br .<\/p>\n\n\n\n<p>Al\u00e9m disso, os titulares dos dados t\u00eam o direito de apresentar reclama\u00e7\u00e3o junto \u00e0 Autoridade Nacional de Prote\u00e7\u00e3o de Dados (ANPD).<\/p>\n\n\n\n<h2 class=\"wp-block-heading\">Altera\u00e7\u00f5es \u00e0 Pol\u00edtica de Privacidade<\/h2>\n\n\n\n<p>A B2 M\u00eddia reserva-se o direito de, a qualquer momento, realizar ajustes ou altera\u00e7\u00f5es nesta Pol\u00edtica de Privacidade, sendo tais modifica\u00e7\u00f5es devidamente divulgadas no website da empresa.<\/p>\n\n\n\n<p>Esta Pol\u00edtica de Privacidade ser\u00e1 regularmente revisada para garantir sua constante conformidade e adapta\u00e7\u00e3o aos mais altos padr\u00f5es de seguran\u00e7a de dados. Ao continuar a utilizar os servi\u00e7os, o usu\u00e1rio concorda com a pol\u00edtica de privacidade e suas futuras atualiza\u00e7\u00f5es.<\/p>","protected":false},"excerpt":{"rendered":"<p>Declara\u00e7\u00e3o de Privacidade A B2 M\u00eddia \u00e9 uma empresa focada em tecnologias de TV Corporativa, Digital Signage e App &amp; Intranet, para ambiente corporativo e varejo. O compromisso com a prote\u00e7\u00e3o e privacidade de seus clientes, fornecedores e usu\u00e1rio \u00e9 prioridade e, diante disso, elaboramos essa pol\u00edtica de privacidade para assegurar a conformidade com todas [&hellip;]<\/p>\n","protected":false},"author":1,"featured_media":0,"parent":0,"menu_order":0,"comment_status":"closed","ping_status":"closed","template":"pages\/page-politica-de-privacidade.php","meta":{"_acf_changed":false,"footnotes":""},"class_list":["post-31336","page","type-page","status-publish","hentry"],"acf":[],"_links":{"self":[{"href":"https:\/\/b2midia.com.br\/en\/wp-json\/wp\/v2\/pages\/31336","targetHints":{"allow":["GET"]}}],"collection":[{"href":"https:\/\/b2midia.com.br\/en\/wp-json\/wp\/v2\/pages"}],"about":[{"href":"https:\/\/b2midia.com.br\/en\/wp-json\/wp\/v2\/types\/page"}],"author":[{"embeddable":true,"href":"https:\/\/b2midia.com.br\/en\/wp-json\/wp\/v2\/users\/1"}],"replies":[{"embeddable":true,"href":"https:\/\/b2midia.com.br\/en\/wp-json\/wp\/v2\/comments?post=31336"}],"version-history":[{"count":6,"href":"https:\/\/b2midia.com.br\/en\/wp-json\/wp\/v2\/pages\/31336\/revisions"}],"predecessor-version":[{"id":31351,"href":"https:\/\/b2midia.com.br\/en\/wp-json\/wp\/v2\/pages\/31336\/revisions\/31351"}],"wp:attachment":[{"href":"https:\/\/b2midia.com.br\/en\/wp-json\/wp\/v2\/media?parent=31336"}],"curies":[{"name":"wp","href":"https:\/\/api.w.org\/{rel}","templated":true}]}}